{"id":2,"date":"2018-10-10T16:35:00","date_gmt":"2018-10-10T14:35:00","guid":{"rendered":"http:\/\/www.institutviladomat.cat\/blogs\/escolessostenibles\/?page_id=2"},"modified":"2018-10-24T14:05:42","modified_gmt":"2018-10-24T12:05:42","slug":"pagina-exemple","status":"publish","type":"page","link":"https:\/\/www.institutviladomat.cat\/blogs\/escolessostenibles\/pagina-exemple\/","title":{"rendered":"Qu\u00e8 \u00e9s escoles + sostenibles"},"content":{"rendered":"<p><span style=\"font-weight: 400;\">Dia 3 d\u2019octubre<\/span><\/p>\n<p><span style=\"font-weight: 400;\">Els dimecres de 10:30 a 12:30 la classe de 1r fem un taller de sostenibilitat i medi ambient.<\/span><\/p>\n<p><span style=\"font-weight: 400;\">Participem en un projecte que es diu Escoles + Sostenible.<\/span><\/p>\n<h1><b>Qu\u00e8 \u00e9s Escoles + Sostenibles?<\/b><\/h1>\n<p><span style=\"font-weight: 400;\">El \u00a0Programa \u00a0Escoles + Sostenibles \u00a0va n\u00e9ixer l\u2019any 2001 \u00a0en el marc del Comprom\u00eds Ciutad\u00e0 per la Sostenibilitat de Barcelona, amb l\u2019objectiu de contribuir a la sostenibilitat des de l\u2019educaci\u00f3 i amb el reconeixement de les escoles com a \u00a0agents de canvi a la ciutat<\/span><b>.<\/b><\/p>\n<p><span style=\"font-weight: 400;\">\u00c9s per aix\u00f2 que des de l&#8217;Ajuntament de Barcelona es promou l\u2019adhesi\u00f3 dels centres educatius de la ciutat a formar part d\u2019aquesta xarxa, formada per 352 centres (dades curs 2018-2019)<\/span> <span style=\"font-weight: 400;\">i en la que hi han participat un total de 480 al llarg dels seus 18 anys de recorregut. Durant tots aquests anys, els centres participants han desenvolupat un ventall d&#8217;<\/span><b>i<\/b><span style=\"font-weight: 400;\">niciatives de millora de la mateixa escola i de l&#8217;entorn. Cada curs s&#8217;obre una nova convocat\u00f2ria tant perqu\u00e8 els centres que ho desitgin puguin seguir i aprofundir en el seu projecte, com perqu\u00e8 nous centres l&#8217;inici\u00efn i s&#8217;enrolin tamb\u00e9 en aquest engrescador projecte col\u00b7lectiu.<\/span><\/p>\n<p><span style=\"font-weight: 400;\">Vam comen\u00e7ar parlant dels problemes globals que hi ha al m\u00f3n. Despr\u00e9s vam parlar dels problemes locals i que podem fer nosaltres per contribuir a arreglar-los una mica.<\/span><\/p>\n<p><span style=\"font-weight: 400;\">Ens hem dividit en grups: <\/span><\/p>\n<p><span style=\"font-weight: 400;\">1. Publicitaris, que volen fer una campanya per conscienci\u00e0 pel reciclatge. De moment han comen\u00e7at fent una can\u00e7\u00f3.<\/span><\/p>\n<ol start=\"2\">\n<li><span style=\"font-weight: 400;\"> El grup de l\u2019hort. Aniran alguns dies a aprendre com funciona l\u2019hort.<\/span><\/li>\n<li><span style=\"font-weight: 400;\"> El grup de reciclatge. Estan elaborant una proposta per a posar papereres \u00a0a l\u2019institut.<\/span><\/li>\n<li><span style=\"font-weight: 400;\"> El grup de plantes. S\u00f3n els que s\u2019encarreguen de regar les plantes de l&#8217;institut i identificar-les.<\/span><\/li>\n<li><span style=\"font-weight: 400;\"> Periodistes, que som els que informem a trav\u00e9s d&#8217;aquest blog.<\/span><\/li>\n<\/ol>\n<p>&nbsp;<\/p>\n","protected":false},"excerpt":{"rendered":"<p>Dia 3 d\u2019octubre Els dimecres de 10:30 a 12:30 la classe de 1r fem un taller de sostenibilitat i medi ambient. Participem en un projecte que es diu&#8230;<\/p>\n","protected":false},"author":1,"featured_media":28,"parent":0,"menu_order":0,"comment_status":"closed","ping_status":"open","template":"","meta":[],"_links":{"self":[{"href":"https:\/\/www.institutviladomat.cat\/blogs\/escolessostenibles\/wp-json\/wp\/v2\/pages\/2"}],"collection":[{"href":"https:\/\/www.institutviladomat.cat\/blogs\/escolessostenibles\/wp-json\/wp\/v2\/pages"}],"about":[{"href":"https:\/\/www.institutviladomat.cat\/blogs\/escolessostenibles\/wp-json\/wp\/v2\/types\/page"}],"author":[{"embeddable":true,"href":"https:\/\/www.institutviladomat.cat\/blogs\/escolessostenibles\/wp-json\/wp\/v2\/users\/1"}],"replies":[{"embeddable":true,"href":"https:\/\/www.institutviladomat.cat\/blogs\/escolessostenibles\/wp-json\/wp\/v2\/comments?post=2"}],"version-history":[{"count":2,"href":"https:\/\/www.institutviladomat.cat\/blogs\/escolessostenibles\/wp-json\/wp\/v2\/pages\/2\/revisions"}],"predecessor-version":[{"id":146,"href":"https:\/\/www.institutviladomat.cat\/blogs\/escolessostenibles\/wp-json\/wp\/v2\/pages\/2\/revisions\/146"}],"wp:featuredmedia":[{"embeddable":true,"href":"https:\/\/www.institutviladomat.cat\/blogs\/escolessostenibles\/wp-json\/wp\/v2\/media\/28"}],"wp:attachment":[{"href":"https:\/\/www.institutviladomat.cat\/blogs\/escolessostenibles\/wp-json\/wp\/v2\/media?parent=2"}],"curies":[{"name":"wp","href":"https:\/\/api.w.org\/{rel}","templated":true}]}}