{"id":177,"date":"2018-09-23T07:22:10","date_gmt":"2018-09-23T06:22:10","guid":{"rendered":"http:\/\/www.institutviladomat.cat\/blogs\/espaialumnes\/?page_id=177"},"modified":"2025-10-07T08:50:48","modified_gmt":"2025-10-07T07:50:48","slug":"correus-professorat","status":"publish","type":"page","link":"https:\/\/www.institutviladomat.cat\/blogs\/espaialumnes\/correus-professorat\/","title":{"rendered":"Correus professorat"},"content":{"rendered":"\n<figure class=\"wp-block-image alignwide size-large\"><img decoding=\"async\" loading=\"lazy\" width=\"800\" height=\"167\" src=\"http:\/\/www.institutviladomat.cat\/blogs\/espaialumnes\/wp-content\/uploads\/sites\/11\/2021\/07\/banner_contactes.jpg\" alt=\"\" class=\"wp-image-341\" srcset=\"https:\/\/www.institutviladomat.cat\/blogs\/espaialumnes\/wp-content\/uploads\/sites\/11\/2021\/07\/banner_contactes.jpg 800w, https:\/\/www.institutviladomat.cat\/blogs\/espaialumnes\/wp-content\/uploads\/sites\/11\/2021\/07\/banner_contactes-300x63.jpg 300w, https:\/\/www.institutviladomat.cat\/blogs\/espaialumnes\/wp-content\/uploads\/sites\/11\/2021\/07\/banner_contactes-768x160.jpg 768w\" sizes=\"(max-width: 800px) 100vw, 800px\" \/><\/figure>\n\n\n\n<div class=\"wp-block-group is-layout-flow\"><div class=\"wp-block-group__inner-container\">\n<div class=\"wp-block-columns is-layout-flex wp-container-3\">\n<div class=\"wp-block-column is-layout-flow\"><\/div>\n\n\n\n<div class=\"wp-block-column is-layout-flow\"><\/div>\n<\/div>\n<\/div><\/div>\n\n\n<p>\u00a0<\/p>\n<table width=\"1056\">\n<tbody>\n<tr>\n<td><strong>\u00c0mbit LING\u00dc\u00cdSTIC<\/strong><\/td>\n<td><strong>\u00c0mbit\u00a0<\/strong><strong>STEM<\/strong><\/td>\n<td><strong>\u00c0mbit SAE<\/strong><\/td>\n<td>\u00a0<\/td>\n<\/tr>\n<tr>\n<td>\n<pre>Alicia Barrado\n<a href=\"mailto:abarrado@institutviladomat.cat\" target=\"_blank\" rel=\"noopener\">abarrado@institutviladomat.cat<\/a>\n\nJoan Figueras Bello\n<a href=\"mailto:cgomis@institutviladomat.cat\">jfigueras@institutviladomat.cat<\/a>\n\nAlbert Cabedo\n<a href=\"mailto:acabedo@institutviladomat.cat\" target=\"_blank\" rel=\"noopener\">acabedo@institutviladomat.cat<\/a>\n\nMarta Galindo\n<a href=\"mailto:mgalindo@institutviladomat.cat\" target=\"_blank\" rel=\"noopener\">mgalindo@institutviladomat.cat<\/a>\n\nS\u00edlvia Juan Rabell\n<a href=\"https:\/\/www.institutviladomat.cat\/blogs\/escriptori-professorat\/correus-professorat\/sjuan@institutviladomat.cat\">sjuan@institutviladomat.cat<\/a>\n\nGemma Lleix\u00e0 Jornet <a href=\"mailto:glleixa@institutviladomat.cat\">glleixa@institutviladomat.cat<\/a>\n\nAmparo Montejano Mart\u00ed\n<a href=\"mailto:amontejano@institutviladomat.ca\">amontejano@institutviladomat.ca<\/a>t\n\nV\u00edctor Montol\u00ed Bernadas <a href=\"mailto:vmontoli@institutviladomat.cat\">vmontoli@institutviladomat.cat<\/a>\n\nCarme Moreso Mateos <a href=\"mailto:cmoreso@institutviladomat.cat\">cmoreso@institutviladomat.cat<\/a>\n\nPablo Moro Rodr\u00edguez <a href=\"mailto:pmoro@institutviladomat.cat\">pmoro@institutviladomat.cat<\/a>\n\nYamuna Mu\u00f1oz\n<a href=\"mailto:ymunoz@institutviladomat.cat\" target=\"_blank\" rel=\"noopener\">ymunoz@institutviladomat.cat<\/a> \n\nM. Carmen Oliver Valls\n<a href=\"mailto:moliver@institutviladomat.cat\">moliver@institutviladomat.cat<\/a>\n\nCarlos Pacheco Alfonso\n<a href=\"mailto:cpacheco@institutviladomat.cat\">cpacheco@institutviladomat.cat<\/a> \n \nLaia Rodr\u00edguez Pujals\n<a href=\"mailto:lrodriguez@institutviladomat.cat\">lrodriguez@institutviladomat.cat<\/a>\n\nMaria Eva Romero Sanfeliu\n<a href=\"mailto:mromero@institutviladomat.cat\" target=\"_blank\" rel=\"noopener\">mromero@institutviladomat.cat<\/a>\n\nToni Socias Rull\u00e1n\n<a href=\"mailto:asocias@institutviladomat.cat\" target=\"_blank\" rel=\"noopener\">asocias@institutviladomat.cat<\/a>\n\nAng\u00e8lica Tur Soliveres\n<a href=\"mailto:atur@institutviladomat.cat\">atur@institutviladomat.cat<\/a>\n\nDavid Teixid\u00f3\n<a href=\"mailto:substitucio_1@institutviladomat.cat\" target=\"_blank\" rel=\"noopener\">substitucio_1@institutviladomat.cat<\/a><\/pre>\n<pre><br \/><br \/><\/pre>\n<\/td>\n<td>\n<pre>Laura Baiges Gilabert\n<a href=\"mailto:lbaiges@institutviladomat.cat\">lbaiges@institutviladomat.cat<\/a>\n\nJos\u00e9 Barriga Carrasco\n<a href=\"mailto:jbarriga@institutviladomat.cat\">jbarriga@institutviladomat.cat<\/a>\n\nLydia Cabr\u00e9 Vi\u00f1eta\n<a href=\"mailto:lcabre@institutviladomat.cat\">lcabre@institutviladomat.cat<\/a>\n\nToni Cantillo D\u00edaz\n<a href=\"mailto:acantillo@institutviladomat.cat\">acantillo@institutviladomat.cat<\/a>\n\nRoger Dalmau Andreu <a href=\"mailto:rdalmau@institutviladomat.cat\">rdalmau@institutviladomat.cat<\/a>\n\nJordi Escuder Vilaltella <a href=\"mailto:jescuder@institutviladomat.cat\">jescuder@institutviladomat.cat<\/a>\n\nAnna Garc\u00eda Dalmau\n<a class=\"rABsFf RffVmb AL18ce\" href=\"mailto:agarcia@institutviladomat.cat\" target=\"_blank\" rel=\"noopener\" aria-label=\"agarcia@institutviladomat.cat (Dels teus contactes de Google)\" data-tooltip=\"Dels teus contactes de Google\" data-tooltip-position=\"top\">agarcia@institutviladomat.cat<\/a>\n\nMaria Jos\u00e9 Guzm\u00e1n Roa <a href=\"mailto:mguzman4@institutviladomat.cat\">mguzman4@institutviladomat.cat<\/a>\n\nToni Hern\u00e1ndez Garnica <a href=\"mailto:thernandez@institutviladomat.cat\">thernandez@institutviladomat.cat<\/a>\n\nElba Illana Martin\n<a href=\"mailto:eillana@institutviladomat.cat\" target=\"_blank\" rel=\"noopener\">eillana@institutviladomat.cat<\/a>\n\nAura N\u00e9ciga Valdivia <a href=\"mailto:aura@institutviladomat.cat\">aura@institutviladomat.cat<\/a>\n\nManuel Nu\u00f1ez S\u00e1ez\n<a href=\"mailto:mnunez@institutviladomat.cat\">mnunez@institutviladomat.cat<\/a>\n\nMiquel Palau Torras\n<a href=\"mailto:mpalau@institutviladomat.cat\">mpalau@institutviladomat.cat\n<\/a>\nAgn\u00e8s Perell\u00f3 Garcia\n<a href=\"mailto:aperello@institutviladomat.cat\" target=\"_blank\" rel=\"noopener\">aperello@institutviladomat.cat<\/a>\n\nJoan Josep Pujol Baiges\n<a href=\"mailto:jpujol@institutviladomat.cat\" target=\"_blank\" rel=\"noopener\">jpujol@institutviladomat.cat<\/a>\nXavi Roca Berges <a href=\"mailto:xroca@institutviladomat.cat\">xroca@institutviladomat.cat<\/a>\n\nJordi Servat S\u00e1nchez <a href=\"mailto:jservat@institutviladomat.cat\">jservat@institutviladomat.cat<\/a>\n\nS\u00f2nia Su\u00f1er Colomer\n<a class=\"rABsFf RffVmb AL18ce\" href=\"mailto:ssuner@institutviladomat.cat\" target=\"_blank\" rel=\"noopener\" aria-label=\"ssuner@institutviladomat.cat (Dels teus contactes de Google)\" data-tooltip=\"Dels teus contactes de Google\" data-tooltip-position=\"top\">ssuner@institutviladomat.cat<\/a>\n\nEva Tarrag\u00f3 Delcl\u00f2s\n<a href=\"mailto:etarrago@institutviladomat.cat\">etarrago@institutviladomat.cat<\/a><\/pre>\n<pre><span style=\"font-weight: 400;\">\u00a0<\/span><\/pre>\n<\/td>\n<td>\n<pre>Roman Altur\nraltur@institutviladomat.cat\n\nLaura Calosci\n<a href=\"mailto:lcalosci@institutviladomat.cat\">lcalosci@institutviladomat.cat<\/a>\n\nPaco Capel Nadal\n<a class=\"rABsFf RffVmb AL18ce\" href=\"mailto:fcapel@institutviladomat.cat\" target=\"_blank\" rel=\"noopener\" aria-label=\"fcapel@institutviladomat.cat (Dels teus contactes de Google)\" data-tooltip=\"Dels teus contactes de Google\" data-tooltip-position=\"top\">fcapel@institutviladomat.cat<\/a>\n\nJos\u00e9 Luis D\u00edaz Rodr\u00edguez\n<a href=\"https:\/\/www.institutviladomat.cat\/blogs\/escriptori-professorat\/correus-professorat\/jdiaz@institutviladomat.cat\">jdiaz@institutviladomat.cat<\/a>\n\nAlexandra Galiana Doral\n<a href=\"mailto:agaliana@institutviladomat.cat\" target=\"_blank\" rel=\"noopener\">agaliana@institutviladomat.cat<\/a>\n\nCayetana Gomis Fletcher\n<a href=\"mailto:cgomis@institutviladomat.cat\">cgomis@institutviladomat.cat<\/a>\n\nJoan Guivernau Perea\n<a href=\"mailto:jguivernau@institutviladomat.cat\" target=\"_blank\" rel=\"noopener\">jguivernau@institutviladomat.cat<\/a>\n\nJosu\u00e9 Llamas Toledano\n<a href=\"mailto:jllamas@institutviladomat.cat\">jllamas@institutviladomat.cat<\/a>\n\nV\u00edctor Moliner Valverde\n<a href=\"mailto:vmoliner@institutviladomat.cat\" target=\"_blank\" rel=\"noopener\">vmoliner@institutviladomat.cat<\/a>\n\nJ\u00falia Pons Pi\u00f1ol\n<a href=\"mailto:jpons@institutviladomat.cat\">jpons@institutviladomat.cat<\/a>\n\nDaniel Toda Adell\n<a href=\"mailto:dtoda@institutviladomat.cat\" target=\"_blank\" rel=\"noopener\">dtoda@institutviladomat.cat<\/a>\n\nPau Zegr\u00ed Salcedo\n<a href=\"mailto:pzegri@institutviladomat.cat\" target=\"_blank\" rel=\"noopener\">pzegri@institutviladomat.cat<\/a><\/pre>\n<\/td>\n<td>\n<pre><strong>CREDAC:\n<\/strong>\nLia Grau Osset (ALS)\n<a href=\"https:\/\/www.institutviladomat.cat\/blogs\/escriptori-professorat\/correus-professorat\/lgrau@institutviladomat.cat\">lgrau@institutviladomat.cat<\/a>\n\n<strong>Aula d'acollida:\n<\/strong>Maria Eva Romero\n<a href=\"mailto:mromero@institutviladomat.cat\" target=\"_blank\" rel=\"noopener\">mromero@institutviladomat.cat<\/a>\n<strong>\nOrientaci\u00f3:\n\nNeus Salvat Galobardes <a href=\"mailto:nsalvat@institutviladomat.cat\">nsalvat@institutviladomat.cat<\/a>\n<\/strong>\nLisa K\u00f6nig\n<a href=\"mailto:lkonig@institutviladomat.cat\" target=\"_blank\" rel=\"noopener\">lkonig@institutviladomat.cat<\/a>\n<strong>\nPAS:<\/strong>\n\nTania Rodr\u00edguez\nArnau Mart\u00ednez\n<a href=\"mailto:consergeria@institutviladomat.cat\">consergeria@institutviladomat.cat<\/a>\n\nN\u00faria Gil Ciscar\nMiquel Serra <a href=\"mailto:secretaria@institutviladomat.cat\">secretaria@institutviladomat.cat<\/a>\n\n<strong>CLAUSTRE:\n<\/strong>\n<a href=\"mailto:claustre@institutviladomat.cat\">claustre@institutviladomat.cat<\/a>\n\n<strong>GESTI\u00d3:<\/strong>\n\n<a href=\"mailto:gestio@institutviladomat.cat\">gestio@institutviladomat.cat<\/a> (per a tot all\u00f2 relacionat amb organitzaci\u00f3)\n\n<strong>VILADOMAT<\/strong>\n\n<a href=\"mailto:viladomat@institutviladomat.cat\">viladomat@institutviladomat.cat<\/a> (per a tot all\u00f2 relacionat amb SA)<\/pre>\n<pre>\u00a0<\/pre>\n<\/td>\n<\/tr>\n<\/tbody>\n<\/table>","protected":false},"excerpt":{"rendered":"<p>\u00a0 \u00c0mbit LING\u00dc\u00cdSTIC \u00c0mbit\u00a0STEM \u00c0mbit SAE \u00a0 Alicia Barrado abarrado@institutviladomat.cat Joan Figueras Bello jfigueras@institutviladomat.cat Albert Cabedo acabedo@institutviladomat.cat Marta Galindo mgalindo@institutviladomat.cat<\/p>\n","protected":false},"author":1,"featured_media":0,"parent":0,"menu_order":0,"comment_status":"closed","ping_status":"closed","template":"","meta":[],"_links":{"self":[{"href":"https:\/\/www.institutviladomat.cat\/blogs\/espaialumnes\/wp-json\/wp\/v2\/pages\/177"}],"collection":[{"href":"https:\/\/www.institutviladomat.cat\/blogs\/espaialumnes\/wp-json\/wp\/v2\/pages"}],"about":[{"href":"https:\/\/www.institutviladomat.cat\/blogs\/espaialumnes\/wp-json\/wp\/v2\/types\/page"}],"author":[{"embeddable":true,"href":"https:\/\/www.institutviladomat.cat\/blogs\/espaialumnes\/wp-json\/wp\/v2\/users\/1"}],"replies":[{"embeddable":true,"href":"https:\/\/www.institutviladomat.cat\/blogs\/espaialumnes\/wp-json\/wp\/v2\/comments?post=177"}],"version-history":[{"count":33,"href":"https:\/\/www.institutviladomat.cat\/blogs\/espaialumnes\/wp-json\/wp\/v2\/pages\/177\/revisions"}],"predecessor-version":[{"id":445,"href":"https:\/\/www.institutviladomat.cat\/blogs\/espaialumnes\/wp-json\/wp\/v2\/pages\/177\/revisions\/445"}],"wp:attachment":[{"href":"https:\/\/www.institutviladomat.cat\/blogs\/espaialumnes\/wp-json\/wp\/v2\/media?parent=177"}],"curies":[{"name":"wp","href":"https:\/\/api.w.org\/{rel}","templated":true}]}}