{"id":94,"date":"2018-11-28T08:29:10","date_gmt":"2018-11-28T08:29:10","guid":{"rendered":"http:\/\/www.institutviladomat.cat\/blogs\/stem\/?page_id=94"},"modified":"2018-11-28T08:35:33","modified_gmt":"2018-11-28T08:35:33","slug":"any-2019-any-internacional-de-la-taula-periodica","status":"publish","type":"page","link":"https:\/\/www.institutviladomat.cat\/blogs\/stem\/any-2019-any-internacional-de-la-taula-periodica\/","title":{"rendered":"Any 2019, any internacional de la Taula peri\u00f2dica"},"content":{"rendered":"<p>De taules peri\u00f2diques al llarg del temps se n&#8217;han dissenyat unes quantes. A vegades utilitzant el format i l&#8217;estructura s&#8217;han fet d&#8217;altres que, sense tenir a veure res amb els elements qu\u00edmics, s\u00f3n molt interessants. Feu una ullada a continuaci\u00f3.<\/p>\n<p>&nbsp;<\/p>\n<p><img decoding=\"async\" loading=\"lazy\" class=\"alignnone size-full wp-image-95 alignleft\" src=\"http:\/\/www.institutviladomat.cat\/blogs\/stem\/wp-content\/uploads\/sites\/8\/2018\/11\/PT1.jpg\" alt=\"\" width=\"268\" height=\"188\" srcset=\"https:\/\/www.institutviladomat.cat\/blogs\/stem\/wp-content\/uploads\/sites\/8\/2018\/11\/PT1.jpg 268w, https:\/\/www.institutviladomat.cat\/blogs\/stem\/wp-content\/uploads\/sites\/8\/2018\/11\/PT1-130x90.jpg 130w\" sizes=\"(max-width: 268px) 100vw, 268px\" \/> <img decoding=\"async\" loading=\"lazy\" class=\"alignnone size-medium wp-image-96 alignleft\" src=\"http:\/\/www.institutviladomat.cat\/blogs\/stem\/wp-content\/uploads\/sites\/8\/2018\/11\/PT2.jpg\" alt=\"\" width=\"268\" height=\"188\" srcset=\"https:\/\/www.institutviladomat.cat\/blogs\/stem\/wp-content\/uploads\/sites\/8\/2018\/11\/PT2.jpg 268w, https:\/\/www.institutviladomat.cat\/blogs\/stem\/wp-content\/uploads\/sites\/8\/2018\/11\/PT2-130x90.jpg 130w\" sizes=\"(max-width: 268px) 100vw, 268px\" \/> <img decoding=\"async\" loading=\"lazy\" class=\"alignnone size-medium wp-image-97 alignleft\" src=\"http:\/\/www.institutviladomat.cat\/blogs\/stem\/wp-content\/uploads\/sites\/8\/2018\/11\/PT3.jpg\" alt=\"\" width=\"268\" height=\"188\" srcset=\"https:\/\/www.institutviladomat.cat\/blogs\/stem\/wp-content\/uploads\/sites\/8\/2018\/11\/PT3.jpg 268w, https:\/\/www.institutviladomat.cat\/blogs\/stem\/wp-content\/uploads\/sites\/8\/2018\/11\/PT3-130x90.jpg 130w\" sizes=\"(max-width: 268px) 100vw, 268px\" \/> <img decoding=\"async\" loading=\"lazy\" class=\"alignnone size-medium wp-image-98 alignleft\" src=\"http:\/\/www.institutviladomat.cat\/blogs\/stem\/wp-content\/uploads\/sites\/8\/2018\/11\/PT4.jpg\" alt=\"\" width=\"259\" height=\"194\" \/><\/p>\n","protected":false},"excerpt":{"rendered":"<p>De taules peri\u00f2diques al llarg del temps se n&#8217;han dissenyat unes quantes. A vegades utilitzant el format i l&#8217;estructura s&#8217;han<\/p>\n","protected":false},"author":24,"featured_media":99,"parent":0,"menu_order":0,"comment_status":"closed","ping_status":"closed","template":"","meta":[],"_links":{"self":[{"href":"https:\/\/www.institutviladomat.cat\/blogs\/stem\/wp-json\/wp\/v2\/pages\/94"}],"collection":[{"href":"https:\/\/www.institutviladomat.cat\/blogs\/stem\/wp-json\/wp\/v2\/pages"}],"about":[{"href":"https:\/\/www.institutviladomat.cat\/blogs\/stem\/wp-json\/wp\/v2\/types\/page"}],"author":[{"embeddable":true,"href":"https:\/\/www.institutviladomat.cat\/blogs\/stem\/wp-json\/wp\/v2\/users\/24"}],"replies":[{"embeddable":true,"href":"https:\/\/www.institutviladomat.cat\/blogs\/stem\/wp-json\/wp\/v2\/comments?post=94"}],"version-history":[{"count":3,"href":"https:\/\/www.institutviladomat.cat\/blogs\/stem\/wp-json\/wp\/v2\/pages\/94\/revisions"}],"predecessor-version":[{"id":105,"href":"https:\/\/www.institutviladomat.cat\/blogs\/stem\/wp-json\/wp\/v2\/pages\/94\/revisions\/105"}],"wp:featuredmedia":[{"embeddable":true,"href":"https:\/\/www.institutviladomat.cat\/blogs\/stem\/wp-json\/wp\/v2\/media\/99"}],"wp:attachment":[{"href":"https:\/\/www.institutviladomat.cat\/blogs\/stem\/wp-json\/wp\/v2\/media?parent=94"}],"curies":[{"name":"wp","href":"https:\/\/api.w.org\/{rel}","templated":true}]}}